{"id":2033,"date":"2021-06-16T11:26:20","date_gmt":"2021-06-16T11:26:20","guid":{"rendered":"https:\/\/www.tragardh.se\/?page_id=2033"},"modified":"2022-02-03T07:55:32","modified_gmt":"2022-02-03T07:55:32","slug":"sustainability","status":"publish","type":"page","link":"https:\/\/www.tragardh.se\/en\/sustainability\/","title":{"rendered":"Sustainability"},"content":{"rendered":"","protected":false},"excerpt":{"rendered":"","protected":false},"author":5,"featured_media":0,"parent":0,"menu_order":0,"comment_status":"closed","ping_status":"closed","template":"","meta":{"_acf_changed":false,"_relevanssi_hide_post":"","_relevanssi_hide_content":"","_relevanssi_pin_for_all":"","_relevanssi_pin_keywords":"","_relevanssi_unpin_keywords":"","_relevanssi_related_keywords":"","_relevanssi_related_include_ids":"","_relevanssi_related_exclude_ids":"","_relevanssi_related_no_append":"","_relevanssi_related_not_related":"","_relevanssi_related_posts":"","_relevanssi_noindex_reason":"","footnotes":""},"class_list":["post-2033","page","type-page","status-publish","hentry"],"acf":[],"yoast_head":"<!-- This site is optimized with the Yoast SEO plugin v24.0 - https:\/\/yoast.com\/wordpress\/plugins\/seo\/ -->\n<title>Sustainability - Tr\u00e4g\u00e5rdh<\/title>\n<meta name=\"description\" content=\"F\u00f6r oss p\u00e5 Tr\u00e4g\u00e5rdh \u00e4r h\u00e5llbarhetsarbetet en viktig och naturlig del av v\u00e5r verksamhet d\u00e5 vi alla har ett gemensamt ansvar f\u00f6r en h\u00e5llbar framtid. Vi vill d\u00e4rf\u00f6r driva v\u00e5r verksamhet p\u00e5 ett ansvarsfullt s\u00e4tt som tar h\u00e4nsyn b\u00e5de till milj\u00f6n, samh\u00e4llet och individen.\" \/>\n<meta name=\"robots\" content=\"index, follow, max-snippet:-1, max-image-preview:large, max-video-preview:-1\" \/>\n<link rel=\"canonical\" href=\"https:\/\/www.tragardh.se\/en\/sustainability\/\" \/>\n<meta property=\"og:locale\" content=\"en_US\" \/>\n<meta property=\"og:type\" content=\"article\" \/>\n<meta property=\"og:title\" content=\"Sustainability - Tr\u00e4g\u00e5rdh\" \/>\n<meta property=\"og:description\" content=\"F\u00f6r oss p\u00e5 Tr\u00e4g\u00e5rdh \u00e4r h\u00e5llbarhetsarbetet en viktig och naturlig del av v\u00e5r verksamhet d\u00e5 vi alla har ett gemensamt ansvar f\u00f6r en h\u00e5llbar framtid. Vi vill d\u00e4rf\u00f6r driva v\u00e5r verksamhet p\u00e5 ett ansvarsfullt s\u00e4tt som tar h\u00e4nsyn b\u00e5de till milj\u00f6n, samh\u00e4llet och individen.\" \/>\n<meta property=\"og:url\" content=\"https:\/\/www.tragardh.se\/en\/sustainability\/\" \/>\n<meta property=\"og:site_name\" content=\"Tr\u00e4g\u00e5rdh\" \/>\n<meta property=\"article:modified_time\" content=\"2022-02-03T07:55:32+00:00\" \/>\n<meta name=\"twitter:card\" content=\"summary_large_image\" \/>\n<script type=\"application\/ld+json\" class=\"yoast-schema-graph\">{\"@context\":\"https:\/\/schema.org\",\"@graph\":[{\"@type\":\"WebPage\",\"@id\":\"https:\/\/www.tragardh.se\/en\/sustainability\/\",\"url\":\"https:\/\/www.tragardh.se\/en\/sustainability\/\",\"name\":\"Sustainability - Tr\u00e4g\u00e5rdh\",\"isPartOf\":{\"@id\":\"https:\/\/www.tragardh.se\/en\/#website\"},\"datePublished\":\"2021-06-16T11:26:20+00:00\",\"dateModified\":\"2022-02-03T07:55:32+00:00\",\"description\":\"F\u00f6r oss p\u00e5 Tr\u00e4g\u00e5rdh \u00e4r h\u00e5llbarhetsarbetet en viktig och naturlig del av v\u00e5r verksamhet d\u00e5 vi alla har ett gemensamt ansvar f\u00f6r en h\u00e5llbar framtid. Vi vill d\u00e4rf\u00f6r driva v\u00e5r verksamhet p\u00e5 ett ansvarsfullt s\u00e4tt som tar h\u00e4nsyn b\u00e5de till milj\u00f6n, samh\u00e4llet och individen.\",\"breadcrumb\":{\"@id\":\"https:\/\/www.tragardh.se\/en\/sustainability\/#breadcrumb\"},\"inLanguage\":\"en-US\",\"potentialAction\":[{\"@type\":\"ReadAction\",\"target\":[\"https:\/\/www.tragardh.se\/en\/sustainability\/\"]}]},{\"@type\":\"BreadcrumbList\",\"@id\":\"https:\/\/www.tragardh.se\/en\/sustainability\/#breadcrumb\",\"itemListElement\":[{\"@type\":\"ListItem\",\"position\":1,\"name\":\"Home\",\"item\":\"https:\/\/www.tragardh.se\/en\/\"},{\"@type\":\"ListItem\",\"position\":2,\"name\":\"Sustainability\"}]},{\"@type\":\"WebSite\",\"@id\":\"https:\/\/www.tragardh.se\/en\/#website\",\"url\":\"https:\/\/www.tragardh.se\/en\/\",\"name\":\"Tr\u00e4g\u00e5rdh\",\"description\":\"\",\"potentialAction\":[{\"@type\":\"SearchAction\",\"target\":{\"@type\":\"EntryPoint\",\"urlTemplate\":\"https:\/\/www.tragardh.se\/en\/?s={search_term_string}\"},\"query-input\":{\"@type\":\"PropertyValueSpecification\",\"valueRequired\":true,\"valueName\":\"search_term_string\"}}],\"inLanguage\":\"en-US\"}]}<\/script>\n<!-- \/ Yoast SEO plugin. -->","yoast_head_json":{"title":"Sustainability - Tr\u00e4g\u00e5rdh","description":"F\u00f6r oss p\u00e5 Tr\u00e4g\u00e5rdh \u00e4r h\u00e5llbarhetsarbetet en viktig och naturlig del av v\u00e5r verksamhet d\u00e5 vi alla har ett gemensamt ansvar f\u00f6r en h\u00e5llbar framtid. Vi vill d\u00e4rf\u00f6r driva v\u00e5r verksamhet p\u00e5 ett ansvarsfullt s\u00e4tt som tar h\u00e4nsyn b\u00e5de till milj\u00f6n, samh\u00e4llet och individen.","robots":{"index":"index","follow":"follow","max-snippet":"max-snippet:-1","max-image-preview":"max-image-preview:large","max-video-preview":"max-video-preview:-1"},"canonical":"https:\/\/www.tragardh.se\/en\/sustainability\/","og_locale":"en_US","og_type":"article","og_title":"Sustainability - Tr\u00e4g\u00e5rdh","og_description":"F\u00f6r oss p\u00e5 Tr\u00e4g\u00e5rdh \u00e4r h\u00e5llbarhetsarbetet en viktig och naturlig del av v\u00e5r verksamhet d\u00e5 vi alla har ett gemensamt ansvar f\u00f6r en h\u00e5llbar framtid. Vi vill d\u00e4rf\u00f6r driva v\u00e5r verksamhet p\u00e5 ett ansvarsfullt s\u00e4tt som tar h\u00e4nsyn b\u00e5de till milj\u00f6n, samh\u00e4llet och individen.","og_url":"https:\/\/www.tragardh.se\/en\/sustainability\/","og_site_name":"Tr\u00e4g\u00e5rdh","article_modified_time":"2022-02-03T07:55:32+00:00","twitter_card":"summary_large_image","schema":{"@context":"https:\/\/schema.org","@graph":[{"@type":"WebPage","@id":"https:\/\/www.tragardh.se\/en\/sustainability\/","url":"https:\/\/www.tragardh.se\/en\/sustainability\/","name":"Sustainability - Tr\u00e4g\u00e5rdh","isPartOf":{"@id":"https:\/\/www.tragardh.se\/en\/#website"},"datePublished":"2021-06-16T11:26:20+00:00","dateModified":"2022-02-03T07:55:32+00:00","description":"F\u00f6r oss p\u00e5 Tr\u00e4g\u00e5rdh \u00e4r h\u00e5llbarhetsarbetet en viktig och naturlig del av v\u00e5r verksamhet d\u00e5 vi alla har ett gemensamt ansvar f\u00f6r en h\u00e5llbar framtid. Vi vill d\u00e4rf\u00f6r driva v\u00e5r verksamhet p\u00e5 ett ansvarsfullt s\u00e4tt som tar h\u00e4nsyn b\u00e5de till milj\u00f6n, samh\u00e4llet och individen.","breadcrumb":{"@id":"https:\/\/www.tragardh.se\/en\/sustainability\/#breadcrumb"},"inLanguage":"en-US","potentialAction":[{"@type":"ReadAction","target":["https:\/\/www.tragardh.se\/en\/sustainability\/"]}]},{"@type":"BreadcrumbList","@id":"https:\/\/www.tragardh.se\/en\/sustainability\/#breadcrumb","itemListElement":[{"@type":"ListItem","position":1,"name":"Home","item":"https:\/\/www.tragardh.se\/en\/"},{"@type":"ListItem","position":2,"name":"Sustainability"}]},{"@type":"WebSite","@id":"https:\/\/www.tragardh.se\/en\/#website","url":"https:\/\/www.tragardh.se\/en\/","name":"Tr\u00e4g\u00e5rdh","description":"","potentialAction":[{"@type":"SearchAction","target":{"@type":"EntryPoint","urlTemplate":"https:\/\/www.tragardh.se\/en\/?s={search_term_string}"},"query-input":{"@type":"PropertyValueSpecification","valueRequired":true,"valueName":"search_term_string"}}],"inLanguage":"en-US"}]}},"_links":{"self":[{"href":"https:\/\/www.tragardh.se\/en\/wp-json\/wp\/v2\/pages\/2033","targetHints":{"allow":["GET"]}}],"collection":[{"href":"https:\/\/www.tragardh.se\/en\/wp-json\/wp\/v2\/pages"}],"about":[{"href":"https:\/\/www.tragardh.se\/en\/wp-json\/wp\/v2\/types\/page"}],"author":[{"embeddable":true,"href":"https:\/\/www.tragardh.se\/en\/wp-json\/wp\/v2\/users\/5"}],"replies":[{"embeddable":true,"href":"https:\/\/www.tragardh.se\/en\/wp-json\/wp\/v2\/comments?post=2033"}],"version-history":[{"count":18,"href":"https:\/\/www.tragardh.se\/en\/wp-json\/wp\/v2\/pages\/2033\/revisions"}],"predecessor-version":[{"id":2566,"href":"https:\/\/www.tragardh.se\/en\/wp-json\/wp\/v2\/pages\/2033\/revisions\/2566"}],"wp:attachment":[{"href":"https:\/\/www.tragardh.se\/en\/wp-json\/wp\/v2\/media?parent=2033"}],"curies":[{"name":"wp","href":"https:\/\/api.w.org\/{rel}","templated":true}]}}